{"id":402,"date":"2015-10-18T19:48:10","date_gmt":"2015-10-18T17:48:10","guid":{"rendered":"https:\/\/www.joerg-alff.de\/cms\/?page_id=402"},"modified":"2024-09-11T08:37:00","modified_gmt":"2024-09-11T06:37:00","slug":"portrait","status":"publish","type":"page","link":"https:\/\/www.joerg-alff.de\/cms\/portrait\/","title":{"rendered":"Ergebnisse &#8211; Archiv"},"content":{"rendered":"<h1>Portrait des Eifell\u00e4ufers J\u00f6rg Alff<\/h1>\n<h2><span style=\"font-family: Arial,Helvetiva;\"><br \/>\n<a name=\"oben\"><\/a>Von den Anf\u00e4ngen bis Heute<br \/>\n<\/span><\/h2>\n<div class=\"row\">\n<div class=\"columns medium-6 bottom-mid-margin\"><a href=\"https:\/\/www.joerg-alff.de\/cms\/wp-content\/uploads\/2015\/10\/J\u00f6rgAlff.jpg\" rel=\"attachment wp-att-1746\"><img loading=\"lazy\" class=\"alignnone size-medium wp-image-1746\" src=\"https:\/\/www.joerg-alff.de\/cms\/wp-content\/uploads\/2015\/10\/J\u00f6rgAlff-200x300.jpg\" alt=\"J\u00f6rgAlff\" width=\"200\" height=\"300\" srcset=\"https:\/\/www.joerg-alff.de\/cms\/wp-content\/uploads\/2015\/10\/J\u00f6rgAlff-200x300.jpg 200w, https:\/\/www.joerg-alff.de\/cms\/wp-content\/uploads\/2015\/10\/J\u00f6rgAlff-683x1024.jpg 683w, https:\/\/www.joerg-alff.de\/cms\/wp-content\/uploads\/2015\/10\/J\u00f6rgAlff.jpg 720w\" sizes=\"(max-width: 200px) 100vw, 200px\" \/><\/a><a href=\"https:\/\/www.joerg-alff.de\/cms\/wp-content\/uploads\/2015\/10\/J\u00f6rg_Gelnhausen.jpg\" rel=\"attachment wp-att-1738\"><img loading=\"lazy\" class=\"alignnone size-medium wp-image-1738\" src=\"https:\/\/www.joerg-alff.de\/cms\/wp-content\/uploads\/2015\/10\/J\u00f6rg_Gelnhausen-221x300.jpg\" alt=\"J\u00f6rg_Gelnhausen\" width=\"221\" height=\"300\" srcset=\"https:\/\/www.joerg-alff.de\/cms\/wp-content\/uploads\/2015\/10\/J\u00f6rg_Gelnhausen-221x300.jpg 221w, https:\/\/www.joerg-alff.de\/cms\/wp-content\/uploads\/2015\/10\/J\u00f6rg_Gelnhausen.jpg 310w\" sizes=\"(max-width: 221px) 100vw, 221px\" \/><\/a><\/div>\n<div class=\"columns medium-6 bottom-mid-margin\">\n<article class=\"av-client-box\">\n<table class=\"avtable\" border=\"1\">\n<tbody>\n<tr>\n<td>Name:<\/td>\n<td>J\u00f6rg Alff, verheiratet, zwei Kinder (Zwillinge)<\/td>\n<\/tr>\n<tr>\n<td>Geboren:<\/td>\n<td>19. April 1964 in Pr\u00fcm \/ Eifel<\/td>\n<\/tr>\n<tr>\n<td>Wohnort:<\/td>\n<td>Langenselbold (Hessen)<\/td>\n<\/tr>\n<tr>\n<td>Beruf:<\/td>\n<td>IT-Spezialist<\/td>\n<\/tr>\n<tr>\n<td>Gr\u00f6\u00dfe:<\/td>\n<td>1,81 m<\/td>\n<\/tr>\n<tr>\n<td>Gewicht:<\/td>\n<td>70 kg<\/td>\n<\/tr>\n<tr>\n<td>Disziplin:<\/td>\n<td>Langstreckenlauf (Bahn 5.000m \/ 10.000m, Stra\u00dfe 10km bis Marathon, Cross)<\/td>\n<\/tr>\n<tr>\n<td>Verein:<\/td>\n<td>Von 1983 bis 1989: SG Streif Pr\u00fcmVon 1989 bis Heute: LG Vulkaneifel \/ VfL-09-J\u00fcnkerath+++Silberjubil\u00e4um 2014+++<\/td>\n<\/tr>\n<tr>\n<td height=\"46\">Trainer \/ Berater:<\/td>\n<td height=\"46\">Heinz Reifferscheid, G\u00f6nnersdorf (Rheinland-Pfalz)<\/td>\n<\/tr>\n<tr>\n<td>Aktuelle Aktivit\u00e4ten:<\/td>\n<td>TeamCaptain der Commerzbank beim J.P. Morgan Corporate Challenge FirmenlaufMitglied in der BSG Laufen Commerzbank AG Frankfurt<\/p>\n<p>&#8220;RUNNING TWIN DAD&#8221;<\/td>\n<\/tr>\n<\/tbody>\n<\/table>\n<h2><span style=\"font-family: Arial,Helvetiva;\"><br \/>\n<a name=\"oben\"><\/a>Bestzeiten:<br \/>\n<\/span><\/h2>\n<table class=\"avtable\" border=\"1\">\n<tbody>\n<tr>\n<td>3.000 m<\/td>\n<td>8:33 min<\/td>\n<\/tr>\n<tr>\n<td>5.000 m<\/td>\n<td>14:32 min<\/td>\n<\/tr>\n<tr>\n<td>10.000 m<\/td>\n<td>30:45 min<\/td>\n<\/tr>\n<tr>\n<td>10 km<\/td>\n<td>31:13 min<\/td>\n<\/tr>\n<tr>\n<td>15 km<\/td>\n<td>48:29 min<\/td>\n<\/tr>\n<tr>\n<td>25 km<\/td>\n<td>1:23:59 h<\/td>\n<\/tr>\n<tr>\n<td>Halbmarathon 21,1 km<\/td>\n<td>1:09:45 h<\/td>\n<\/tr>\n<tr>\n<td>Marathon 42,2 km<\/td>\n<td>2:37:10 h<\/td>\n<\/tr>\n<\/tbody>\n<\/table>\n<\/article>\n<\/div>\n<\/div>\n","protected":false},"excerpt":{"rendered":"<p>Portrait des Eifell\u00e4ufers J\u00f6rg Alff Von den Anf\u00e4ngen bis Heute Name: J\u00f6rg Alff, verheiratet, zwei [&hellip;]<\/p>\n","protected":false},"author":1,"featured_media":0,"parent":0,"menu_order":0,"comment_status":"closed","ping_status":"open","template":"template\/template-full-width.php","meta":[],"_links":{"self":[{"href":"https:\/\/www.joerg-alff.de\/cms\/wp-json\/wp\/v2\/pages\/402"}],"collection":[{"href":"https:\/\/www.joerg-alff.de\/cms\/wp-json\/wp\/v2\/pages"}],"about":[{"href":"https:\/\/www.joerg-alff.de\/cms\/wp-json\/wp\/v2\/types\/page"}],"author":[{"embeddable":true,"href":"https:\/\/www.joerg-alff.de\/cms\/wp-json\/wp\/v2\/users\/1"}],"replies":[{"embeddable":true,"href":"https:\/\/www.joerg-alff.de\/cms\/wp-json\/wp\/v2\/comments?post=402"}],"version-history":[{"count":44,"href":"https:\/\/www.joerg-alff.de\/cms\/wp-json\/wp\/v2\/pages\/402\/revisions"}],"predecessor-version":[{"id":2417,"href":"https:\/\/www.joerg-alff.de\/cms\/wp-json\/wp\/v2\/pages\/402\/revisions\/2417"}],"wp:attachment":[{"href":"https:\/\/www.joerg-alff.de\/cms\/wp-json\/wp\/v2\/media?parent=402"}],"curies":[{"name":"wp","href":"https:\/\/api.w.org\/{rel}","templated":true}]}}